{"id":12467,"date":"2023-01-31T02:35:40","date_gmt":"2023-01-31T09:35:40","guid":{"rendered":"https:\/\/www.harvest.today\/nos-produits-2\/"},"modified":"2024-06-18T02:02:35","modified_gmt":"2024-06-18T08:02:35","slug":"produits","status":"publish","type":"page","link":"https:\/\/www.harvest.today\/fr\/produits\/","title":{"rendered":"Nos Produits"},"content":{"rendered":"\t\t<div data-elementor-type=\"wp-page\" data-elementor-id=\"12467\" class=\"elementor elementor-12467 elementor-12461\" data-elementor-post-type=\"page\">\n\t\t\t\t\t\t<section class=\"elementor-section elementor-top-section elementor-element elementor-element-4e00f18 elementor-section-boxed elementor-section-height-default elementor-section-height-default\" data-id=\"4e00f18\" data-element_type=\"section\" data-settings=\"{&quot;background_background&quot;:&quot;classic&quot;}\">\n\t\t\t\t\t\t<div class=\"elementor-container elementor-column-gap-default\">\n\t\t\t\t\t<div class=\"elementor-column elementor-col-100 elementor-top-column elementor-element elementor-element-f13e403\" data-id=\"f13e403\" data-element_type=\"column\">\n\t\t\t<div class=\"elementor-widget-wrap elementor-element-populated\">\n\t\t\t\t\t\t<section class=\"elementor-section elementor-inner-section elementor-element elementor-element-6d096ba elementor-section-boxed elementor-section-height-default elementor-section-height-default\" data-id=\"6d096ba\" data-element_type=\"section\">\n\t\t\t\t\t\t<div class=\"elementor-container elementor-column-gap-default\">\n\t\t\t\t\t<div class=\"elementor-column elementor-col-100 elementor-inner-column elementor-element elementor-element-f9ef50c\" data-id=\"f9ef50c\" data-element_type=\"column\">\n\t\t\t<div class=\"elementor-widget-wrap elementor-element-populated\">\n\t\t\t\t\t\t<div class=\"elementor-element elementor-element-2c4fe37 elementor-widget elementor-widget-heading\" data-id=\"2c4fe37\" data-element_type=\"widget\" data-widget_type=\"heading.default\">\n\t\t\t\t<div class=\"elementor-widget-container\">\n\t\t\t<h1 class=\"elementor-heading-title elementor-size-default\">Nos Produits<\/h1>\t\t<\/div>\n\t\t\t\t<\/div>\n\t\t\t\t<div class=\"elementor-element elementor-element-e1469a6 elementor-widget elementor-widget-text-editor\" data-id=\"e1469a6\" data-element_type=\"widget\" data-widget_type=\"text-editor.default\">\n\t\t\t\t<div class=\"elementor-widget-container\">\n\t\t\t\t\t\t\t<p>Se lancer dans la culture en int\u00e9rieur peut \u00eatre amusant et gratifiant avec le bon \u00e9quipement et les bons outils. Harvest Today propose des \u00e9quipements de culture en int\u00e9rieur de haute technicit\u00e9, con\u00e7us pour l&rsquo;agriculture traditionnelle ou l&rsquo;agriculture en environnement contr\u00f4l\u00e9. Ces produits sont faciles \u00e0 comprendre et \u00e0 utiliser, m\u00eame pour les nouveaux agriculteurs et les d\u00e9butants.  <\/p>\n\t\t\t\t\t\t<\/div>\n\t\t\t\t<\/div>\n\t\t\t\t\t<\/div>\n\t\t<\/div>\n\t\t\t\t\t<\/div>\n\t\t<\/section>\n\t\t\t\t\t<\/div>\n\t\t<\/div>\n\t\t\t\t\t<\/div>\n\t\t<\/section>\n\t\t\t\t<section class=\"elementor-section elementor-top-section elementor-element elementor-element-37d6da7 elementor-section-boxed elementor-section-height-default elementor-section-height-default\" data-id=\"37d6da7\" data-element_type=\"section\" data-settings=\"{&quot;background_background&quot;:&quot;classic&quot;}\">\n\t\t\t\t\t\t\t<div class=\"elementor-background-overlay\"><\/div>\n\t\t\t\t\t\t\t<div class=\"elementor-container elementor-column-gap-default\">\n\t\t\t\t\t<div class=\"elementor-column elementor-col-100 elementor-top-column elementor-element elementor-element-93275e9\" data-id=\"93275e9\" data-element_type=\"column\">\n\t\t\t<div class=\"elementor-widget-wrap elementor-element-populated\">\n\t\t\t\t\t\t<section class=\"elementor-section elementor-inner-section elementor-element elementor-element-559e769 elementor-section-content-middle elementor-reverse-tablet elementor-reverse-mobile elementor-section-boxed elementor-section-height-default elementor-section-height-default\" data-id=\"559e769\" data-element_type=\"section\" data-settings=\"{&quot;background_background&quot;:&quot;classic&quot;}\">\n\t\t\t\t\t\t<div class=\"elementor-container elementor-column-gap-default\">\n\t\t\t\t\t<div class=\"elementor-column elementor-col-50 elementor-inner-column elementor-element elementor-element-a3e5897\" data-id=\"a3e5897\" data-element_type=\"column\" data-settings=\"{&quot;background_background&quot;:&quot;classic&quot;}\">\n\t\t\t<div class=\"elementor-widget-wrap elementor-element-populated\">\n\t\t\t\t\t\t<div class=\"elementor-element elementor-element-aee0d0b elementor-hidden-tablet elementor-hidden-mobile elementor-widget elementor-widget-image\" data-id=\"aee0d0b\" data-element_type=\"widget\" data-widget_type=\"image.default\">\n\t\t\t\t<div class=\"elementor-widget-container\">\n\t\t\t\t\t\t\t\t\t\t\t\t\t<img fetchpriority=\"high\" decoding=\"async\" width=\"650\" height=\"469\" src=\"https:\/\/www.harvest.today\/wp-content\/uploads\/2024\/03\/Harvest-Wall-panel-wall.jpg\" class=\"attachment-large size-large wp-image-12838\" alt=\"Harvest Wall - panel wall\" srcset=\"https:\/\/www.harvest.today\/wp-content\/uploads\/2024\/03\/Harvest-Wall-panel-wall.jpg 650w, https:\/\/www.harvest.today\/wp-content\/uploads\/2024\/03\/Harvest-Wall-panel-wall-300x216.jpg 300w\" sizes=\"(max-width: 650px) 100vw, 650px\" \/>\t\t\t\t\t\t\t\t\t\t\t\t\t<\/div>\n\t\t\t\t<\/div>\n\t\t\t\t\t<\/div>\n\t\t<\/div>\n\t\t\t\t<div class=\"elementor-column elementor-col-50 elementor-inner-column elementor-element elementor-element-ac52794\" data-id=\"ac52794\" data-element_type=\"column\">\n\t\t\t<div class=\"elementor-widget-wrap elementor-element-populated\">\n\t\t\t\t\t\t<div class=\"elementor-element elementor-element-df4735b elementor-widget elementor-widget-heading\" data-id=\"df4735b\" data-element_type=\"widget\" data-widget_type=\"heading.default\">\n\t\t\t\t<div class=\"elementor-widget-container\">\n\t\t\t<h2 class=\"elementor-heading-title elementor-size-default\">Harvest wall<\/h2>\t\t<\/div>\n\t\t\t\t<\/div>\n\t\t\t\t<div class=\"elementor-element elementor-element-85edb9e elementor-widget elementor-widget-text-editor\" data-id=\"85edb9e\" data-element_type=\"widget\" data-widget_type=\"text-editor.default\">\n\t\t\t\t<div class=\"elementor-widget-container\">\n\t\t\t\t\t\t\t<p>Le Harvest Wall est produit pour permettre aux gens de cultiver des l\u00e9gumes verts \u00e0 feuilles et des plantes dans un environnement contr\u00f4l\u00e9. Il permet aux plantes de pousser biologiquement avec 97% d&rsquo;eau en moins et sans utilisation de produits chimiques et de pesticides. Le Harvest Wall permet aux agriculteurs et aux non-agriculteurs de cultiver facilement.   <\/p>\n\t\t\t\t\t\t<\/div>\n\t\t\t\t<\/div>\n\t\t\t\t<div class=\"elementor-element elementor-element-dab0cf0 elementor-widget elementor-widget-button\" data-id=\"dab0cf0\" data-element_type=\"widget\" data-widget_type=\"button.default\">\n\t\t\t\t<div class=\"elementor-widget-container\">\n\t\t\t\t\t\t\t<div class=\"elementor-button-wrapper\">\n\t\t\t\t\t<a class=\"elementor-button elementor-button-link elementor-size-sm\" href=\"https:\/\/www.harvest.today\/fr\/produits\/harvest-wall\/\">\n\t\t\t\t\t\t<span class=\"elementor-button-content-wrapper\">\n\t\t\t\t\t\t\t\t\t<span class=\"elementor-button-text\">D\u00e9couvrez le Harvest Wall<\/span>\n\t\t\t\t\t<\/span>\n\t\t\t\t\t<\/a>\n\t\t\t\t<\/div>\n\t\t\t\t\t\t<\/div>\n\t\t\t\t<\/div>\n\t\t\t\t\t<\/div>\n\t\t<\/div>\n\t\t\t\t\t<\/div>\n\t\t<\/section>\n\t\t\t\t\t<\/div>\n\t\t<\/div>\n\t\t\t\t\t<\/div>\n\t\t<\/section>\n\t\t\t\t<\/div>\n\t\t","protected":false},"excerpt":{"rendered":"<p>Nos Produits Se lancer dans la culture en int\u00e9rieur peut \u00eatre amusant et gratifiant avec le bon \u00e9quipement et les bons outils. Harvest Today propose des \u00e9quipements de culture en int\u00e9rieur de haute technicit\u00e9, con\u00e7us pour l&rsquo;agriculture traditionnelle ou l&rsquo;agriculture en environnement contr\u00f4l\u00e9. Ces produits sont faciles \u00e0 comprendre et \u00e0 utiliser, m\u00eame pour les [&hellip;]<\/p>\n","protected":false},"author":6,"featured_media":0,"parent":0,"menu_order":0,"comment_status":"closed","ping_status":"closed","template":"","meta":{"_acf_changed":false,"content-type":"","footnotes":""},"class_list":["post-12467","page","type-page","status-publish","hentry"],"acf":[],"yoast_head":"<!-- This site is optimized with the Yoast SEO plugin v23.8 - https:\/\/yoast.com\/wordpress\/plugins\/seo\/ -->\n<title>Nos Produits - Harvest Today<\/title>\n<meta name=\"description\" content=\"Harvest Today fournit un outil de haute technicit\u00e9 pour la culture en int\u00e9rieur. Nous sommes \u00e9galement affili\u00e9s \u00e0 des soci\u00e9t\u00e9s de confiance pour d&#039;autres \u00e9quipements de culture int\u00e9rieure.\" \/>\n<meta name=\"robots\" content=\"index, follow, max-snippet:-1, max-image-preview:large, max-video-preview:-1\" \/>\n<link rel=\"canonical\" href=\"https:\/\/www.harvest.today\/fr\/produits\/\" \/>\n<meta property=\"og:locale\" content=\"fr_FR\" \/>\n<meta property=\"og:type\" content=\"article\" \/>\n<meta property=\"og:title\" content=\"Nos Produits - Harvest Today\" \/>\n<meta property=\"og:description\" content=\"Harvest Today fournit un outil de haute technicit\u00e9 pour la culture en int\u00e9rieur. Nous sommes \u00e9galement affili\u00e9s \u00e0 des soci\u00e9t\u00e9s de confiance pour d&#039;autres \u00e9quipements de culture int\u00e9rieure.\" \/>\n<meta property=\"og:url\" content=\"https:\/\/www.harvest.today\/fr\/produits\/\" \/>\n<meta property=\"og:site_name\" content=\"Harvest Today\" \/>\n<meta property=\"article:modified_time\" content=\"2024-06-18T08:02:35+00:00\" \/>\n<meta property=\"og:image\" content=\"https:\/\/www.harvest.today\/wp-content\/uploads\/2024\/03\/Harvest-Wall-panel-wall.jpg\" \/>\n<meta name=\"twitter:card\" content=\"summary_large_image\" \/>\n<meta name=\"twitter:label1\" content=\"Dur\u00e9e de lecture estim\u00e9e\" \/>\n\t<meta name=\"twitter:data1\" content=\"1 minute\" \/>\n<script type=\"application\/ld+json\" class=\"yoast-schema-graph\">{\"@context\":\"https:\/\/schema.org\",\"@graph\":[{\"@type\":\"WebPage\",\"@id\":\"https:\/\/www.harvest.today\/fr\/produits\/\",\"url\":\"https:\/\/www.harvest.today\/fr\/produits\/\",\"name\":\"Nos Produits - Harvest Today\",\"isPartOf\":{\"@id\":\"https:\/\/www.harvest.today\/fr\/#website\"},\"primaryImageOfPage\":{\"@id\":\"https:\/\/www.harvest.today\/fr\/produits\/#primaryimage\"},\"image\":{\"@id\":\"https:\/\/www.harvest.today\/fr\/produits\/#primaryimage\"},\"thumbnailUrl\":\"https:\/\/www.harvest.today\/wp-content\/uploads\/2024\/03\/Harvest-Wall-panel-wall.jpg\",\"datePublished\":\"2023-01-31T09:35:40+00:00\",\"dateModified\":\"2024-06-18T08:02:35+00:00\",\"description\":\"Harvest Today fournit un outil de haute technicit\u00e9 pour la culture en int\u00e9rieur. Nous sommes \u00e9galement affili\u00e9s \u00e0 des soci\u00e9t\u00e9s de confiance pour d'autres \u00e9quipements de culture int\u00e9rieure.\",\"breadcrumb\":{\"@id\":\"https:\/\/www.harvest.today\/fr\/produits\/#breadcrumb\"},\"inLanguage\":\"fr-FR\",\"potentialAction\":[{\"@type\":\"ReadAction\",\"target\":[\"https:\/\/www.harvest.today\/fr\/produits\/\"]}]},{\"@type\":\"ImageObject\",\"inLanguage\":\"fr-FR\",\"@id\":\"https:\/\/www.harvest.today\/fr\/produits\/#primaryimage\",\"url\":\"https:\/\/www.harvest.today\/wp-content\/uploads\/2024\/03\/Harvest-Wall-panel-wall.jpg\",\"contentUrl\":\"https:\/\/www.harvest.today\/wp-content\/uploads\/2024\/03\/Harvest-Wall-panel-wall.jpg\"},{\"@type\":\"BreadcrumbList\",\"@id\":\"https:\/\/www.harvest.today\/fr\/produits\/#breadcrumb\",\"itemListElement\":[{\"@type\":\"ListItem\",\"position\":1,\"name\":\"Home\",\"item\":\"https:\/\/www.harvest.today\/fr\/home\/\"},{\"@type\":\"ListItem\",\"position\":2,\"name\":\"Nos Produits\"}]},{\"@type\":\"WebSite\",\"@id\":\"https:\/\/www.harvest.today\/fr\/#website\",\"url\":\"https:\/\/www.harvest.today\/fr\/\",\"name\":\"Harvest Today\",\"description\":\"Indoor Growing Made Simple\",\"publisher\":{\"@id\":\"https:\/\/www.harvest.today\/fr\/#organization\"},\"potentialAction\":[{\"@type\":\"SearchAction\",\"target\":{\"@type\":\"EntryPoint\",\"urlTemplate\":\"https:\/\/www.harvest.today\/fr\/?s={search_term_string}\"},\"query-input\":{\"@type\":\"PropertyValueSpecification\",\"valueRequired\":true,\"valueName\":\"search_term_string\"}}],\"inLanguage\":\"fr-FR\"},{\"@type\":\"Organization\",\"@id\":\"https:\/\/www.harvest.today\/fr\/#organization\",\"name\":\"Harvest Today\",\"url\":\"https:\/\/www.harvest.today\/fr\/\",\"logo\":{\"@type\":\"ImageObject\",\"inLanguage\":\"fr-FR\",\"@id\":\"https:\/\/www.harvest.today\/fr\/#\/schema\/logo\/image\/\",\"url\":\"https:\/\/www.harvest.today\/wp-content\/uploads\/2022\/01\/FB-OG-Image_ver1.jpg\",\"contentUrl\":\"https:\/\/www.harvest.today\/wp-content\/uploads\/2022\/01\/FB-OG-Image_ver1.jpg\",\"width\":1200,\"height\":630,\"caption\":\"Harvest Today\"},\"image\":{\"@id\":\"https:\/\/www.harvest.today\/fr\/#\/schema\/logo\/image\/\"}}]}<\/script>\n<!-- \/ Yoast SEO plugin. -->","yoast_head_json":{"title":"Nos Produits - Harvest Today","description":"Harvest Today fournit un outil de haute technicit\u00e9 pour la culture en int\u00e9rieur. Nous sommes \u00e9galement affili\u00e9s \u00e0 des soci\u00e9t\u00e9s de confiance pour d'autres \u00e9quipements de culture int\u00e9rieure.","robots":{"index":"index","follow":"follow","max-snippet":"max-snippet:-1","max-image-preview":"max-image-preview:large","max-video-preview":"max-video-preview:-1"},"canonical":"https:\/\/www.harvest.today\/fr\/produits\/","og_locale":"fr_FR","og_type":"article","og_title":"Nos Produits - Harvest Today","og_description":"Harvest Today fournit un outil de haute technicit\u00e9 pour la culture en int\u00e9rieur. Nous sommes \u00e9galement affili\u00e9s \u00e0 des soci\u00e9t\u00e9s de confiance pour d'autres \u00e9quipements de culture int\u00e9rieure.","og_url":"https:\/\/www.harvest.today\/fr\/produits\/","og_site_name":"Harvest Today","article_modified_time":"2024-06-18T08:02:35+00:00","og_image":[{"url":"https:\/\/www.harvest.today\/wp-content\/uploads\/2024\/03\/Harvest-Wall-panel-wall.jpg"}],"twitter_card":"summary_large_image","twitter_misc":{"Dur\u00e9e de lecture estim\u00e9e":"1 minute"},"schema":{"@context":"https:\/\/schema.org","@graph":[{"@type":"WebPage","@id":"https:\/\/www.harvest.today\/fr\/produits\/","url":"https:\/\/www.harvest.today\/fr\/produits\/","name":"Nos Produits - Harvest Today","isPartOf":{"@id":"https:\/\/www.harvest.today\/fr\/#website"},"primaryImageOfPage":{"@id":"https:\/\/www.harvest.today\/fr\/produits\/#primaryimage"},"image":{"@id":"https:\/\/www.harvest.today\/fr\/produits\/#primaryimage"},"thumbnailUrl":"https:\/\/www.harvest.today\/wp-content\/uploads\/2024\/03\/Harvest-Wall-panel-wall.jpg","datePublished":"2023-01-31T09:35:40+00:00","dateModified":"2024-06-18T08:02:35+00:00","description":"Harvest Today fournit un outil de haute technicit\u00e9 pour la culture en int\u00e9rieur. Nous sommes \u00e9galement affili\u00e9s \u00e0 des soci\u00e9t\u00e9s de confiance pour d'autres \u00e9quipements de culture int\u00e9rieure.","breadcrumb":{"@id":"https:\/\/www.harvest.today\/fr\/produits\/#breadcrumb"},"inLanguage":"fr-FR","potentialAction":[{"@type":"ReadAction","target":["https:\/\/www.harvest.today\/fr\/produits\/"]}]},{"@type":"ImageObject","inLanguage":"fr-FR","@id":"https:\/\/www.harvest.today\/fr\/produits\/#primaryimage","url":"https:\/\/www.harvest.today\/wp-content\/uploads\/2024\/03\/Harvest-Wall-panel-wall.jpg","contentUrl":"https:\/\/www.harvest.today\/wp-content\/uploads\/2024\/03\/Harvest-Wall-panel-wall.jpg"},{"@type":"BreadcrumbList","@id":"https:\/\/www.harvest.today\/fr\/produits\/#breadcrumb","itemListElement":[{"@type":"ListItem","position":1,"name":"Home","item":"https:\/\/www.harvest.today\/fr\/home\/"},{"@type":"ListItem","position":2,"name":"Nos Produits"}]},{"@type":"WebSite","@id":"https:\/\/www.harvest.today\/fr\/#website","url":"https:\/\/www.harvest.today\/fr\/","name":"Harvest Today","description":"Indoor Growing Made Simple","publisher":{"@id":"https:\/\/www.harvest.today\/fr\/#organization"},"potentialAction":[{"@type":"SearchAction","target":{"@type":"EntryPoint","urlTemplate":"https:\/\/www.harvest.today\/fr\/?s={search_term_string}"},"query-input":{"@type":"PropertyValueSpecification","valueRequired":true,"valueName":"search_term_string"}}],"inLanguage":"fr-FR"},{"@type":"Organization","@id":"https:\/\/www.harvest.today\/fr\/#organization","name":"Harvest Today","url":"https:\/\/www.harvest.today\/fr\/","logo":{"@type":"ImageObject","inLanguage":"fr-FR","@id":"https:\/\/www.harvest.today\/fr\/#\/schema\/logo\/image\/","url":"https:\/\/www.harvest.today\/wp-content\/uploads\/2022\/01\/FB-OG-Image_ver1.jpg","contentUrl":"https:\/\/www.harvest.today\/wp-content\/uploads\/2022\/01\/FB-OG-Image_ver1.jpg","width":1200,"height":630,"caption":"Harvest Today"},"image":{"@id":"https:\/\/www.harvest.today\/fr\/#\/schema\/logo\/image\/"}}]}},"_links":{"self":[{"href":"https:\/\/www.harvest.today\/fr\/wp-json\/wp\/v2\/pages\/12467","targetHints":{"allow":["GET"]}}],"collection":[{"href":"https:\/\/www.harvest.today\/fr\/wp-json\/wp\/v2\/pages"}],"about":[{"href":"https:\/\/www.harvest.today\/fr\/wp-json\/wp\/v2\/types\/page"}],"author":[{"embeddable":true,"href":"https:\/\/www.harvest.today\/fr\/wp-json\/wp\/v2\/users\/6"}],"replies":[{"embeddable":true,"href":"https:\/\/www.harvest.today\/fr\/wp-json\/wp\/v2\/comments?post=12467"}],"version-history":[{"count":0,"href":"https:\/\/www.harvest.today\/fr\/wp-json\/wp\/v2\/pages\/12467\/revisions"}],"wp:attachment":[{"href":"https:\/\/www.harvest.today\/fr\/wp-json\/wp\/v2\/media?parent=12467"}],"curies":[{"name":"wp","href":"https:\/\/api.w.org\/{rel}","templated":true}]}}